{"id":25,"date":"2025-12-20T22:32:46","date_gmt":"2025-12-20T22:32:46","guid":{"rendered":"https:\/\/brazilnuts.com.br\/?page_id=25"},"modified":"2026-01-05T07:41:14","modified_gmt":"2026-01-05T07:41:14","slug":"saiba-mais","status":"publish","type":"page","link":"https:\/\/brazilnuts.com.br\/en\/saiba-mais\/","title":{"rendered":"Learn More"},"content":{"rendered":"<div data-elementor-type=\"wp-page\" data-elementor-id=\"25\" class=\"elementor elementor-25\" data-elementor-post-type=\"page\">\n\t\t\t\t<div class=\"elementor-element elementor-element-57f73aa e-con-full e-flex e-con e-parent\" data-id=\"57f73aa\" data-element_type=\"container\" data-settings=\"{&quot;background_background&quot;:&quot;classic&quot;,&quot;motion_fx_motion_fx_mouse&quot;:&quot;yes&quot;}\">\n\t\t<div class=\"elementor-element elementor-element-e1d25c5 e-con-full e-flex e-con e-child\" data-id=\"e1d25c5\" data-element_type=\"container\">\n\t\t\t\t<div class=\"elementor-element elementor-element-d3d94ec elementor-widget elementor-widget-heading\" data-id=\"d3d94ec\" data-element_type=\"widget\" data-widget_type=\"heading.default\">\n\t\t\t\t\t<h2 class=\"elementor-heading-title elementor-size-default\">|<\/h2>\t\t\t\t<\/div>\n\t\t\t\t<div class=\"elementor-element elementor-element-a8f9bb3 elementor-widget elementor-widget-heading\" data-id=\"a8f9bb3\" data-element_type=\"widget\" data-widget_type=\"heading.default\">\n\t\t\t\t\t<h2 class=\"elementor-heading-title elementor-size-default\">Learn More<\/h2>\t\t\t\t<\/div>\n\t\t\t\t<\/div>\n\t\t\t\t<div class=\"elementor-element elementor-element-a287adb elementor-widget__width-initial elementor-widget-mobile__width-inherit elementor-widget elementor-widget-text-editor\" data-id=\"a287adb\" data-element_type=\"widget\" data-widget_type=\"text-editor.default\">\n\t\t\t\t\t\t\t\t\t<div class=\"p-4 space-y-6 max-h-80 overflow-y-auto\"><div class=\"flex items-start gap-2\"><div class=\"flex-1 space-y-2\"><div class=\"space-y-2\"><div class=\"prose prose-sm max-w-none dark:prose-invert text-sm [&amp;&gt;p]:whitespace-pre-wrap [&amp;&gt;p&gt;a]:text-primary [&amp;&gt;p&gt;a]:no-underline [&amp;&gt;p&gt;a]:hover:underline [&amp;&gt;p&gt;a]:break-all text-left [&amp;&gt;p&gt;span]:font-medium [&amp;&gt;p&gt;span]:text-primary px-0\"><p>Learn more about our products, their origins, history, and interesting facts.<\/p><\/div><div class=\"flex flex-wrap self-start gap-2\">\u00a0<\/div><\/div><\/div><\/div><\/div><div class=\"flex items-start gap-2 p-4 pt-0\"><div class=\"flex items-center gap-2\">\u00a0<\/div><\/div>\t\t\t\t\t\t\t\t<\/div>\n\t\t\t\t<\/div>\n\t\t<div class=\"elementor-element elementor-element-be4fcb2 e-flex e-con-boxed e-con e-parent\" data-id=\"be4fcb2\" data-element_type=\"container\" data-settings=\"{&quot;background_background&quot;:&quot;classic&quot;}\">\n\t\t\t\t\t<div class=\"e-con-inner\">\n\t\t\t\t\t<\/div>\n\t\t\t\t<\/div>\n\t\t<div class=\"elementor-element elementor-element-3615053d e-flex e-con-boxed e-con e-parent\" data-id=\"3615053d\" data-element_type=\"container\" data-settings=\"{&quot;background_background&quot;:&quot;classic&quot;}\">\n\t\t\t\t\t<div class=\"e-con-inner\">\n\t\t\t\t<div class=\"elementor-element elementor-element-4b935f6f titulo-hero-custom elementor-widget elementor-widget-heading\" data-id=\"4b935f6f\" data-element_type=\"widget\" data-widget_type=\"heading.default\">\n\t\t\t\t\t<h2 class=\"elementor-heading-title elementor-size-default\">Brazil nuts<\/h2>\t\t\t\t<\/div>\n\t\t<div class=\"elementor-element elementor-element-51872dfc e-con-full e-flex e-con e-child\" data-id=\"51872dfc\" data-element_type=\"container\">\n\t\t<div class=\"elementor-element elementor-element-24c39d36 e-con-full e-flex e-con e-child\" data-id=\"24c39d36\" data-element_type=\"container\">\n\t\t<div class=\"elementor-element elementor-element-c569552 e-con-full e-flex e-con e-child\" data-id=\"c569552\" data-element_type=\"container\">\n\t\t\t\t<div class=\"elementor-element elementor-element-2b1ac3b3 titulo-hero-custom elementor-widget elementor-widget-heading\" data-id=\"2b1ac3b3\" data-element_type=\"widget\" data-widget_type=\"heading.default\">\n\t\t\t\t\t<h2 class=\"elementor-heading-title elementor-size-default\">Origin<\/h2>\t\t\t\t<\/div>\n\t\t\t\t<\/div>\n\t\t\t\t<div class=\"elementor-element elementor-element-107ba66c elementor-widget-divider--view-line elementor-widget elementor-widget-divider\" data-id=\"107ba66c\" data-element_type=\"widget\" data-widget_type=\"divider.default\">\n\t\t\t\t\t\t\t<div class=\"elementor-divider\">\n\t\t\t<span class=\"elementor-divider-separator\">\n\t\t\t\t\t\t<\/span>\n\t\t<\/div>\n\t\t\t\t\t\t<\/div>\n\t\t\t\t<div class=\"elementor-element elementor-element-35b6f494 elementor-widget__width-inherit elementor-widget elementor-widget-text-editor\" data-id=\"35b6f494\" data-element_type=\"widget\" data-widget_type=\"text-editor.default\">\n\t\t\t\t\t\t\t\t\t<div data-id=\"198bfc9\" data-element_type=\"widget\" data-widget_type=\"text-editor.default\"><div data-id=\"786033c\" data-element_type=\"widget\" data-widget_type=\"text-editor.default\"><div class=\"p-4 space-y-6 max-h-80 overflow-y-auto\"><div class=\"flex items-start gap-2\"><div class=\"flex-1 space-y-2\"><div class=\"space-y-2\"><div class=\"prose prose-sm max-w-none dark:prose-invert text-sm [&amp;&gt;p]:whitespace-pre-wrap [&amp;&gt;p&gt;a]:text-primary [&amp;&gt;p&gt;a]:no-underline [&amp;&gt;p&gt;a]:hover:underline [&amp;&gt;p&gt;a]:break-all text-left [&amp;&gt;p&gt;span]:font-medium [&amp;&gt;p&gt;span]:text-primary px-0\"><p>Brazil nuts come from <strong>Bertholletia excelsa,<\/strong>one of the tallest and longest-lived trees in the Amazon Rainforest, reaching up to 50 meters in height and living for over 500 years. It is native to virgin forest regions in South America.<\/p><p>Production is almost entirely extractive. This means it depends on the preserved forest to exist, since the tree's pollination is done by specific bees that only live in balanced ecosystems.<\/p><p><strong>Interesting facts<\/strong>:<br \/>\u2022 <strong>The \"Coconut\":<\/strong>Brazil nuts don't grow loose. They are inside a \"coconut,\" an extremely hard woody capsule weighing about 2 kg. To open it in the forest, you need a machete or the jaw strength of an agouti (the only animal capable of naturally gnawing the \u201ccoconut\u201d).<\/p><p>\u2022 <strong>Superfood:<\/strong>It is the world's largest natural source of selenium. Just one or two nuts a day meet the daily requirement of this essential mineral for the immune system and thyroid.<\/p><\/div><\/div><\/div><\/div><\/div><\/div><\/div>\t\t\t\t\t\t\t\t<\/div>\n\t\t\t\t<\/div>\n\t\t<div class=\"elementor-element elementor-element-49d78d84 e-con-full e-flex elementor-invisible e-con e-child\" data-id=\"49d78d84\" data-element_type=\"container\" data-settings=\"{&quot;background_background&quot;:&quot;classic&quot;,&quot;shape_divider_top&quot;:&quot;opacity-tilt&quot;,&quot;animation&quot;:&quot;fadeIn&quot;}\">\n\t\t\t\t<div class=\"elementor-shape elementor-shape-top\" aria-hidden=\"true\" data-negative=\"false\">\n\t\t\t<svg xmlns=\"http:\/\/www.w3.org\/2000\/svg\" viewbox=\"0 0 2600 131.1\" preserveaspectratio=\"none\">\n\t<path class=\"elementor-shape-fill\" d=\"M0 0L2600 0 2600 69.1 0 0z\"\/>\n\t<path class=\"elementor-shape-fill\" style=\"opacity:0.5\" d=\"M0 0L2600 0 2600 69.1 0 69.1z\"\/>\n\t<path class=\"elementor-shape-fill\" style=\"opacity:0.25\" d=\"M2600 0L0 0 0 130.1 2600 69.1z\"\/>\n<\/svg>\t\t<\/div>\n\t\t\t\t<\/div>\n\t\t\t\t<\/div>\n\t\t\t\t<div class=\"elementor-element elementor-element-10985e1f elementor-hidden-mobile elementor-widget-divider--view-line elementor-widget elementor-widget-divider\" data-id=\"10985e1f\" data-element_type=\"widget\" data-widget_type=\"divider.default\">\n\t\t\t\t\t\t\t<div class=\"elementor-divider\">\n\t\t\t<span class=\"elementor-divider-separator\">\n\t\t\t\t\t\t<\/span>\n\t\t<\/div>\n\t\t\t\t\t\t<\/div>\n\t\t\t\t<div class=\"elementor-element elementor-element-2d7fd30 titulo-hero-custom elementor-widget elementor-widget-heading\" data-id=\"2d7fd30\" data-element_type=\"widget\" data-widget_type=\"heading.default\">\n\t\t\t\t\t<h2 class=\"elementor-heading-title elementor-size-default\">Macadamia nuts kernels\n<\/h2>\t\t\t\t<\/div>\n\t\t<div class=\"elementor-element elementor-element-e2177f e-con-full e-flex e-con e-child\" data-id=\"e2177f\" data-element_type=\"container\">\n\t\t<div class=\"elementor-element elementor-element-7e94e2ed e-con-full e-flex elementor-invisible e-con e-child\" data-id=\"7e94e2ed\" data-element_type=\"container\" data-settings=\"{&quot;background_background&quot;:&quot;classic&quot;,&quot;shape_divider_top&quot;:&quot;opacity-tilt&quot;,&quot;animation&quot;:&quot;fadeIn&quot;}\">\n\t\t\t\t<div class=\"elementor-shape elementor-shape-top\" aria-hidden=\"true\" data-negative=\"false\">\n\t\t\t<svg xmlns=\"http:\/\/www.w3.org\/2000\/svg\" viewbox=\"0 0 2600 131.1\" preserveaspectratio=\"none\">\n\t<path class=\"elementor-shape-fill\" d=\"M0 0L2600 0 2600 69.1 0 0z\"\/>\n\t<path class=\"elementor-shape-fill\" style=\"opacity:0.5\" d=\"M0 0L2600 0 2600 69.1 0 69.1z\"\/>\n\t<path class=\"elementor-shape-fill\" style=\"opacity:0.25\" d=\"M2600 0L0 0 0 130.1 2600 69.1z\"\/>\n<\/svg>\t\t<\/div>\n\t\t\t\t<\/div>\n\t\t<div class=\"elementor-element elementor-element-6c908ab6 e-con-full e-flex e-con e-child\" data-id=\"6c908ab6\" data-element_type=\"container\">\n\t\t<div class=\"elementor-element elementor-element-fe83cd9 e-con-full e-flex e-con e-child\" data-id=\"fe83cd9\" data-element_type=\"container\">\n\t\t\t\t<div class=\"elementor-element elementor-element-b3b638e titulo-hero-custom elementor-widget elementor-widget-heading\" data-id=\"b3b638e\" data-element_type=\"widget\" data-widget_type=\"heading.default\">\n\t\t\t\t\t<h2 class=\"elementor-heading-title elementor-size-default\">Origin<\/h2>\t\t\t\t<\/div>\n\t\t\t\t<\/div>\n\t\t\t\t<div class=\"elementor-element elementor-element-148cd1f elementor-widget-divider--view-line elementor-widget elementor-widget-divider\" data-id=\"148cd1f\" data-element_type=\"widget\" data-widget_type=\"divider.default\">\n\t\t\t\t\t\t\t<div class=\"elementor-divider\">\n\t\t\t<span class=\"elementor-divider-separator\">\n\t\t\t\t\t\t<\/span>\n\t\t<\/div>\n\t\t\t\t\t\t<\/div>\n\t\t\t\t<div class=\"elementor-element elementor-element-16275eeb elementor-widget__width-inherit elementor-widget elementor-widget-text-editor\" data-id=\"16275eeb\" data-element_type=\"widget\" data-widget_type=\"text-editor.default\">\n\t\t\t\t\t\t\t\t\t<div data-id=\"198bfc9\" data-element_type=\"widget\" data-widget_type=\"text-editor.default\"><div data-id=\"786033c\" data-element_type=\"widget\" data-widget_type=\"text-editor.default\"><div class=\"p-4 space-y-6 max-h-80 overflow-y-auto\"><div class=\"flex items-start gap-2\"><div class=\"flex-1 space-y-2\"><div class=\"space-y-2\"><div class=\"prose prose-sm max-w-none dark:prose-invert text-sm [&amp;&gt;p]:whitespace-pre-wrap [&amp;&gt;p&gt;a]:text-primary [&amp;&gt;p&gt;a]:no-underline [&amp;&gt;p&gt;a]:hover:underline [&amp;&gt;p&gt;a]:break-all text-left [&amp;&gt;p&gt;span]:font-medium [&amp;&gt;p&gt;span]:text-primary px-0\"><p>The macadamia nut is often called \"<strong>queen of nuts<\/strong>\u201c, and it's no coincidence. With its buttery texture and delicate flavor, it's considered by many to be the \"most delicious\" nut.<\/p><p>It originates from the tropical forests of Eastern Australia (Queensland and New South Wales). Local native peoples have been consuming this nut for millennia. \nIt was only in the 19th century that European botanists \"discovered\" it and named it after the scientist John Macadam. It wasn't until the late 1800s that commercial production truly gained global scale.<\/p><p><strong>Interesting facts<\/strong>:<br \/>\u2022 <strong>The Hardest Shell in the World<\/strong>: The macadamia shell is incredibly resistant. To crack it without crushing the nut, a pressure of about 300 pounds per square inch (psi) is required.<\/p><p>\u2022 <strong>White Gold<\/strong>: Due to the long time the tree takes to produce (7 to 10 years) and the complexity of harvesting, it is considered one of the most prized and expensive nuts on the market.<\/p><p>\u2022 <strong>Pure Health<\/strong>: It is very rich in monounsaturated fats (the \"good fats\"), which help with heart health, and is also an excellent source of flavonoids, which fight cellular aging.<\/p><\/div><\/div><\/div><\/div><\/div><\/div><\/div>\t\t\t\t\t\t\t\t<\/div>\n\t\t\t\t<\/div>\n\t\t\t\t<\/div>\n\t\t\t\t<div class=\"elementor-element elementor-element-7f5d7a31 elementor-hidden-mobile elementor-widget-divider--view-line elementor-widget elementor-widget-divider\" data-id=\"7f5d7a31\" data-element_type=\"widget\" data-widget_type=\"divider.default\">\n\t\t\t\t\t\t\t<div class=\"elementor-divider\">\n\t\t\t<span class=\"elementor-divider-separator\">\n\t\t\t\t\t\t<\/span>\n\t\t<\/div>\n\t\t\t\t\t\t<\/div>\n\t\t\t\t<div class=\"elementor-element elementor-element-378e228 titulo-hero-custom elementor-widget elementor-widget-heading\" data-id=\"378e228\" data-element_type=\"widget\" data-widget_type=\"heading.default\">\n\t\t\t\t\t<h2 class=\"elementor-heading-title elementor-size-default\">baru nut kernels<\/h2>\t\t\t\t<\/div>\n\t\t<div class=\"elementor-element elementor-element-b8c8d38 e-con-full e-flex e-con e-child\" data-id=\"b8c8d38\" data-element_type=\"container\">\n\t\t<div class=\"elementor-element elementor-element-e665b83 e-con-full e-flex e-con e-child\" data-id=\"e665b83\" data-element_type=\"container\">\n\t\t<div class=\"elementor-element elementor-element-7550305 e-con-full e-flex e-con e-child\" data-id=\"7550305\" data-element_type=\"container\">\n\t\t\t\t<div class=\"elementor-element elementor-element-8013c64 titulo-hero-custom elementor-widget elementor-widget-heading\" data-id=\"8013c64\" data-element_type=\"widget\" data-widget_type=\"heading.default\">\n\t\t\t\t\t<h2 class=\"elementor-heading-title elementor-size-default\">Origin<\/h2>\t\t\t\t<\/div>\n\t\t\t\t<\/div>\n\t\t\t\t<div class=\"elementor-element elementor-element-7dc2c6c elementor-widget-divider--view-line elementor-widget elementor-widget-divider\" data-id=\"7dc2c6c\" data-element_type=\"widget\" data-widget_type=\"divider.default\">\n\t\t\t\t\t\t\t<div class=\"elementor-divider\">\n\t\t\t<span class=\"elementor-divider-separator\">\n\t\t\t\t\t\t<\/span>\n\t\t<\/div>\n\t\t\t\t\t\t<\/div>\n\t\t\t\t<div class=\"elementor-element elementor-element-a945095 elementor-widget__width-inherit elementor-widget elementor-widget-text-editor\" data-id=\"a945095\" data-element_type=\"widget\" data-widget_type=\"text-editor.default\">\n\t\t\t\t\t\t\t\t\t<div data-id=\"198bfc9\" data-element_type=\"widget\" data-widget_type=\"text-editor.default\"><div data-id=\"786033c\" data-element_type=\"widget\" data-widget_type=\"text-editor.default\"><div class=\"p-4 space-y-6 max-h-80 overflow-y-auto\"><div class=\"flex items-start gap-2\"><div class=\"flex-1 space-y-2\"><div class=\"space-y-2\"><div class=\"prose prose-sm max-w-none dark:prose-invert text-sm [&amp;&gt;p]:whitespace-pre-wrap [&amp;&gt;p&gt;a]:text-primary [&amp;&gt;p&gt;a]:no-underline [&amp;&gt;p&gt;a]:hover:underline [&amp;&gt;p&gt;a]:break-all text-left [&amp;&gt;p&gt;span]:font-medium [&amp;&gt;p&gt;span]:text-primary px-0\"><p>Baru nuts are the jewel of the <strong>Brazilian Cerrado<\/strong>. While Brazil nuts come from the Amazon rainforest, Baru is the legitimate representative of the heart of Brazil, gaining increasing prominence in functional gastronomy.<\/p><p>Baru (Dipteryx alata) is the fruit of the Baru tree, a majestic tree native to the vast Cerrado biome, especially in the Brazilian states of Goi\u00e1s, Mato Grosso, Mato Grosso do Sul, and Minas Gerais. It is the Treasure of the Brazilian Cerrado.<br \/>Its harvest is a perfect example of sustainability: the fruits fall to the ground when ripe and are collected by local communities, helping to preserve the biome and generating income for extractive families.<\/p><p><strong>Interesting facts<\/strong>:<br \/>\u2022 <strong>Aphrodisiac<\/strong>Due to its high zinc content and energizing properties, the baru nut has gained popular fame as a potent aphrodisiac.<\/p><p>\u2022 <strong>High in Protein<\/strong>: It has a higher protein content than all other nuts, reaching approximately 26% of its composition, making it highly sought after by athletes and vegetarians.<\/p><p>\u2022 <strong>Amazing Flavor<\/strong>: The flavor of roasted baru nuts is a fascinating blend that mixes notes of peanut and chocolate, combining perfect crunchiness with one of the highest protein and zinc contents in the plant kingdom.<\/p><\/div><\/div><\/div><\/div><\/div><\/div><\/div>\t\t\t\t\t\t\t\t<\/div>\n\t\t\t\t<\/div>\n\t\t<div class=\"elementor-element elementor-element-c6f6833 e-con-full e-flex elementor-invisible e-con e-child\" data-id=\"c6f6833\" data-element_type=\"container\" data-settings=\"{&quot;background_background&quot;:&quot;classic&quot;,&quot;shape_divider_top&quot;:&quot;opacity-tilt&quot;,&quot;animation&quot;:&quot;fadeIn&quot;}\">\n\t\t\t\t<div class=\"elementor-shape elementor-shape-top\" aria-hidden=\"true\" data-negative=\"false\">\n\t\t\t<svg xmlns=\"http:\/\/www.w3.org\/2000\/svg\" viewbox=\"0 0 2600 131.1\" preserveaspectratio=\"none\">\n\t<path class=\"elementor-shape-fill\" d=\"M0 0L2600 0 2600 69.1 0 0z\"\/>\n\t<path class=\"elementor-shape-fill\" style=\"opacity:0.5\" d=\"M0 0L2600 0 2600 69.1 0 69.1z\"\/>\n\t<path class=\"elementor-shape-fill\" style=\"opacity:0.25\" d=\"M2600 0L0 0 0 130.1 2600 69.1z\"\/>\n<\/svg>\t\t<\/div>\n\t\t\t\t<\/div>\n\t\t\t\t<\/div>\n\t\t\t\t\t<\/div>\n\t\t\t\t<\/div>\n\t\t\t\t<\/div>","protected":false},"excerpt":{"rendered":"<p>| Saiba Mais Conhe\u00e7a um pouco mais sobre os nossos produtos, suas origens, hist\u00f3ria e curiosidades. \u00a0\u00a0 Castanha do Brasil Origem A castanha vem da Bertholletia excelsa, uma das \u00e1rvores mais altas e longevas da Floresta Amaz\u00f4nica, podendo atingir at\u00e9 50 metros de altura e viver por mais de 500 anos. Ela \u00e9 nativa de [&hellip;]<\/p>","protected":false},"author":1,"featured_media":0,"parent":0,"menu_order":0,"comment_status":"closed","ping_status":"closed","template":"elementor_header_footer","meta":{"footnotes":""},"class_list":["post-25","page","type-page","status-publish","hentry"],"_links":{"self":[{"href":"https:\/\/brazilnuts.com.br\/en\/wp-json\/wp\/v2\/pages\/25","targetHints":{"allow":["GET"]}}],"collection":[{"href":"https:\/\/brazilnuts.com.br\/en\/wp-json\/wp\/v2\/pages"}],"about":[{"href":"https:\/\/brazilnuts.com.br\/en\/wp-json\/wp\/v2\/types\/page"}],"author":[{"embeddable":true,"href":"https:\/\/brazilnuts.com.br\/en\/wp-json\/wp\/v2\/users\/1"}],"replies":[{"embeddable":true,"href":"https:\/\/brazilnuts.com.br\/en\/wp-json\/wp\/v2\/comments?post=25"}],"version-history":[{"count":0,"href":"https:\/\/brazilnuts.com.br\/en\/wp-json\/wp\/v2\/pages\/25\/revisions"}],"wp:attachment":[{"href":"https:\/\/brazilnuts.com.br\/en\/wp-json\/wp\/v2\/media?parent=25"}],"curies":[{"name":"wp","href":"https:\/\/api.w.org\/{rel}","templated":true}]}}