{"id":25,"date":"2025-12-20T22:32:46","date_gmt":"2025-12-20T22:32:46","guid":{"rendered":"https:\/\/brazilnuts.com.br\/?page_id=25"},"modified":"2026-01-05T07:41:14","modified_gmt":"2026-01-05T07:41:14","slug":"saiba-mais","status":"publish","type":"page","link":"https:\/\/brazilnuts.com.br\/es\/saiba-mais\/","title":{"rendered":"M\u00e1s informaci\u00f3n"},"content":{"rendered":"<div data-elementor-type=\"wp-page\" data-elementor-id=\"25\" class=\"elementor elementor-25\" data-elementor-post-type=\"page\">\n\t\t\t\t<div class=\"elementor-element elementor-element-57f73aa e-con-full e-flex e-con e-parent\" data-id=\"57f73aa\" data-element_type=\"container\" data-settings=\"{&quot;background_background&quot;:&quot;classic&quot;,&quot;motion_fx_motion_fx_mouse&quot;:&quot;yes&quot;}\">\n\t\t<div class=\"elementor-element elementor-element-e1d25c5 e-con-full e-flex e-con e-child\" data-id=\"e1d25c5\" data-element_type=\"container\">\n\t\t\t\t<div class=\"elementor-element elementor-element-d3d94ec elementor-widget elementor-widget-heading\" data-id=\"d3d94ec\" data-element_type=\"widget\" data-widget_type=\"heading.default\">\n\t\t\t\t\t<h2 class=\"elementor-heading-title elementor-size-default\">|<\/h2>\t\t\t\t<\/div>\n\t\t\t\t<div class=\"elementor-element elementor-element-a8f9bb3 elementor-widget elementor-widget-heading\" data-id=\"a8f9bb3\" data-element_type=\"widget\" data-widget_type=\"heading.default\">\n\t\t\t\t\t<h2 class=\"elementor-heading-title elementor-size-default\">M\u00e1s informaci\u00f3n<\/h2>\t\t\t\t<\/div>\n\t\t\t\t<\/div>\n\t\t\t\t<div class=\"elementor-element elementor-element-a287adb elementor-widget__width-initial elementor-widget-mobile__width-inherit elementor-widget elementor-widget-text-editor\" data-id=\"a287adb\" data-element_type=\"widget\" data-widget_type=\"text-editor.default\">\n\t\t\t\t\t\t\t\t\t<div class=\"p-4 space-y-6 max-h-80 overflow-y-auto\"><div class=\"flex items-start gap-2\"><div class=\"flex-1 space-y-2\"><div class=\"space-y-2\"><div class=\"prose prose-sm max-w-none dark:prose-invert text-sm [&amp;&gt;p]:whitespace-pre-wrap [&amp;&gt;p&gt;a]:text-primary [&amp;&gt;p&gt;a]:no-underline [&amp;&gt;p&gt;a]:hover:underline [&amp;&gt;p&gt;a]:break-all text-left [&amp;&gt;p&gt;span]:font-medium [&amp;&gt;p&gt;span]:text-primary px-0\"><p>Conozca m\u00e1s sobre nuestros productos, sus or\u00edgenes, historia y datos interesantes.<\/p><\/div><div class=\"flex flex-wrap self-start gap-2\">\u00a0<\/div><\/div><\/div><\/div><\/div><div class=\"flex items-start gap-2 p-4 pt-0\"><div class=\"flex items-center gap-2\">\u00a0<\/div><\/div>\t\t\t\t\t\t\t\t<\/div>\n\t\t\t\t<\/div>\n\t\t<div class=\"elementor-element elementor-element-be4fcb2 e-flex e-con-boxed e-con e-parent\" data-id=\"be4fcb2\" data-element_type=\"container\" data-settings=\"{&quot;background_background&quot;:&quot;classic&quot;}\">\n\t\t\t\t\t<div class=\"e-con-inner\">\n\t\t\t\t\t<\/div>\n\t\t\t\t<\/div>\n\t\t<div class=\"elementor-element elementor-element-3615053d e-flex e-con-boxed e-con e-parent\" data-id=\"3615053d\" data-element_type=\"container\" data-settings=\"{&quot;background_background&quot;:&quot;classic&quot;}\">\n\t\t\t\t\t<div class=\"e-con-inner\">\n\t\t\t\t<div class=\"elementor-element elementor-element-4b935f6f titulo-hero-custom elementor-widget elementor-widget-heading\" data-id=\"4b935f6f\" data-element_type=\"widget\" data-widget_type=\"heading.default\">\n\t\t\t\t\t<h2 class=\"elementor-heading-title elementor-size-default\">Nuez de Brasil<\/h2>\t\t\t\t<\/div>\n\t\t<div class=\"elementor-element elementor-element-51872dfc e-con-full e-flex e-con e-child\" data-id=\"51872dfc\" data-element_type=\"container\">\n\t\t<div class=\"elementor-element elementor-element-24c39d36 e-con-full e-flex e-con e-child\" data-id=\"24c39d36\" data-element_type=\"container\">\n\t\t<div class=\"elementor-element elementor-element-c569552 e-con-full e-flex e-con e-child\" data-id=\"c569552\" data-element_type=\"container\">\n\t\t\t\t<div class=\"elementor-element elementor-element-2b1ac3b3 titulo-hero-custom elementor-widget elementor-widget-heading\" data-id=\"2b1ac3b3\" data-element_type=\"widget\" data-widget_type=\"heading.default\">\n\t\t\t\t\t<h2 class=\"elementor-heading-title elementor-size-default\">Origen<\/h2>\t\t\t\t<\/div>\n\t\t\t\t<\/div>\n\t\t\t\t<div class=\"elementor-element elementor-element-107ba66c elementor-widget-divider--view-line elementor-widget elementor-widget-divider\" data-id=\"107ba66c\" data-element_type=\"widget\" data-widget_type=\"divider.default\">\n\t\t\t\t\t\t\t<div class=\"elementor-divider\">\n\t\t\t<span class=\"elementor-divider-separator\">\n\t\t\t\t\t\t<\/span>\n\t\t<\/div>\n\t\t\t\t\t\t<\/div>\n\t\t\t\t<div class=\"elementor-element elementor-element-35b6f494 elementor-widget__width-inherit elementor-widget elementor-widget-text-editor\" data-id=\"35b6f494\" data-element_type=\"widget\" data-widget_type=\"text-editor.default\">\n\t\t\t\t\t\t\t\t\t<div data-id=\"198bfc9\" data-element_type=\"widget\" data-widget_type=\"text-editor.default\"><div data-id=\"786033c\" data-element_type=\"widget\" data-widget_type=\"text-editor.default\"><div class=\"p-4 space-y-6 max-h-80 overflow-y-auto\"><div class=\"flex items-start gap-2\"><div class=\"flex-1 space-y-2\"><div class=\"space-y-2\"><div class=\"prose prose-sm max-w-none dark:prose-invert text-sm [&amp;&gt;p]:whitespace-pre-wrap [&amp;&gt;p&gt;a]:text-primary [&amp;&gt;p&gt;a]:no-underline [&amp;&gt;p&gt;a]:hover:underline [&amp;&gt;p&gt;a]:break-all text-left [&amp;&gt;p&gt;span]:font-medium [&amp;&gt;p&gt;span]:text-primary px-0\"><p>Las nueces de Brasil provienen de <strong>Bertholletia excelsa,<\/strong>uno de los \u00e1rboles m\u00e1s altos y longevos de la selva amaz\u00f3nica, que alcanza hasta 50 metros de altura y vive m\u00e1s de 500 a\u00f1os. Es originaria de regiones de selva virgen de Sudam\u00e9rica.<\/p><p>Su producci\u00f3n es casi exclusivamente extractiva. Esto significa que depende de la selva preservada para su existencia, ya que la polinizaci\u00f3n del \u00e1rbol la realizan abejas espec\u00edficas que solo viven en ecosistemas equilibrados.<\/p><p><strong>Datos interesantes<\/strong>:<br \/>\u2022 <strong>El \"coco\":<\/strong>Las nueces de Brasil no crecen sueltas. Se encuentran dentro de \u201cun coco\", una c\u00e1psula le\u00f1osa extremadamente dura que pesa unos 2 kg. Para abrirla en el bosque, se necesita un machete o la fuerza de la mand\u00edbula de un agut\u00ed (el \u00fanico animal capaz de roer naturalmente al erizo).<\/p><p>\u2022 <strong>Superalimento:<\/strong>Es la mayor fuente natural de selenio del mundo. Tan solo una o dos nueces al d\u00eda cubren las necesidades diarias de este mineral esencial para el sistema inmunitario y la tiroides.<\/p><\/div><\/div><\/div><\/div><\/div><\/div><\/div>\t\t\t\t\t\t\t\t<\/div>\n\t\t\t\t<\/div>\n\t\t<div class=\"elementor-element elementor-element-49d78d84 e-con-full e-flex elementor-invisible e-con e-child\" data-id=\"49d78d84\" data-element_type=\"container\" data-settings=\"{&quot;background_background&quot;:&quot;classic&quot;,&quot;shape_divider_top&quot;:&quot;opacity-tilt&quot;,&quot;animation&quot;:&quot;fadeIn&quot;}\">\n\t\t\t\t<div class=\"elementor-shape elementor-shape-top\" aria-hidden=\"true\" data-negative=\"false\">\n\t\t\t<svg xmlns=\"http:\/\/www.w3.org\/2000\/svg\" viewbox=\"0 0 2600 131.1\" preserveaspectratio=\"none\">\n\t<path class=\"elementor-shape-fill\" d=\"M0 0L2600 0 2600 69.1 0 0z\"\/>\n\t<path class=\"elementor-shape-fill\" style=\"opacity:0.5\" d=\"M0 0L2600 0 2600 69.1 0 69.1z\"\/>\n\t<path class=\"elementor-shape-fill\" style=\"opacity:0.25\" d=\"M2600 0L0 0 0 130.1 2600 69.1z\"\/>\n<\/svg>\t\t<\/div>\n\t\t\t\t<\/div>\n\t\t\t\t<\/div>\n\t\t\t\t<div class=\"elementor-element elementor-element-10985e1f elementor-hidden-mobile elementor-widget-divider--view-line elementor-widget elementor-widget-divider\" data-id=\"10985e1f\" data-element_type=\"widget\" data-widget_type=\"divider.default\">\n\t\t\t\t\t\t\t<div class=\"elementor-divider\">\n\t\t\t<span class=\"elementor-divider-separator\">\n\t\t\t\t\t\t<\/span>\n\t\t<\/div>\n\t\t\t\t\t\t<\/div>\n\t\t\t\t<div class=\"elementor-element elementor-element-2d7fd30 titulo-hero-custom elementor-widget elementor-widget-heading\" data-id=\"2d7fd30\" data-element_type=\"widget\" data-widget_type=\"heading.default\">\n\t\t\t\t\t<h2 class=\"elementor-heading-title elementor-size-default\">Nuez de macadamia\n<\/h2>\t\t\t\t<\/div>\n\t\t<div class=\"elementor-element elementor-element-e2177f e-con-full e-flex e-con e-child\" data-id=\"e2177f\" data-element_type=\"container\">\n\t\t<div class=\"elementor-element elementor-element-7e94e2ed e-con-full e-flex elementor-invisible e-con e-child\" data-id=\"7e94e2ed\" data-element_type=\"container\" data-settings=\"{&quot;background_background&quot;:&quot;classic&quot;,&quot;shape_divider_top&quot;:&quot;opacity-tilt&quot;,&quot;animation&quot;:&quot;fadeIn&quot;}\">\n\t\t\t\t<div class=\"elementor-shape elementor-shape-top\" aria-hidden=\"true\" data-negative=\"false\">\n\t\t\t<svg xmlns=\"http:\/\/www.w3.org\/2000\/svg\" viewbox=\"0 0 2600 131.1\" preserveaspectratio=\"none\">\n\t<path class=\"elementor-shape-fill\" d=\"M0 0L2600 0 2600 69.1 0 0z\"\/>\n\t<path class=\"elementor-shape-fill\" style=\"opacity:0.5\" d=\"M0 0L2600 0 2600 69.1 0 69.1z\"\/>\n\t<path class=\"elementor-shape-fill\" style=\"opacity:0.25\" d=\"M2600 0L0 0 0 130.1 2600 69.1z\"\/>\n<\/svg>\t\t<\/div>\n\t\t\t\t<\/div>\n\t\t<div class=\"elementor-element elementor-element-6c908ab6 e-con-full e-flex e-con e-child\" data-id=\"6c908ab6\" data-element_type=\"container\">\n\t\t<div class=\"elementor-element elementor-element-fe83cd9 e-con-full e-flex e-con e-child\" data-id=\"fe83cd9\" data-element_type=\"container\">\n\t\t\t\t<div class=\"elementor-element elementor-element-b3b638e titulo-hero-custom elementor-widget elementor-widget-heading\" data-id=\"b3b638e\" data-element_type=\"widget\" data-widget_type=\"heading.default\">\n\t\t\t\t\t<h2 class=\"elementor-heading-title elementor-size-default\">Origen<\/h2>\t\t\t\t<\/div>\n\t\t\t\t<\/div>\n\t\t\t\t<div class=\"elementor-element elementor-element-148cd1f elementor-widget-divider--view-line elementor-widget elementor-widget-divider\" data-id=\"148cd1f\" data-element_type=\"widget\" data-widget_type=\"divider.default\">\n\t\t\t\t\t\t\t<div class=\"elementor-divider\">\n\t\t\t<span class=\"elementor-divider-separator\">\n\t\t\t\t\t\t<\/span>\n\t\t<\/div>\n\t\t\t\t\t\t<\/div>\n\t\t\t\t<div class=\"elementor-element elementor-element-16275eeb elementor-widget__width-inherit elementor-widget elementor-widget-text-editor\" data-id=\"16275eeb\" data-element_type=\"widget\" data-widget_type=\"text-editor.default\">\n\t\t\t\t\t\t\t\t\t<div data-id=\"198bfc9\" data-element_type=\"widget\" data-widget_type=\"text-editor.default\"><div data-id=\"786033c\" data-element_type=\"widget\" data-widget_type=\"text-editor.default\"><div class=\"p-4 space-y-6 max-h-80 overflow-y-auto\"><div class=\"flex items-start gap-2\"><div class=\"flex-1 space-y-2\"><div class=\"space-y-2\"><div class=\"prose prose-sm max-w-none dark:prose-invert text-sm [&amp;&gt;p]:whitespace-pre-wrap [&amp;&gt;p&gt;a]:text-primary [&amp;&gt;p&gt;a]:no-underline [&amp;&gt;p&gt;a]:hover:underline [&amp;&gt;p&gt;a]:break-all text-left [&amp;&gt;p&gt;span]:font-medium [&amp;&gt;p&gt;span]:text-primary px-0\"><p>La nuez de macadamia se conoce a menudo como la<strong>\"reina de las nueces\",<\/strong>y con raz\u00f3n. Con su textura mantecosa y su delicado sabor, muchos la consideran la nuez m\u00e1s sabrosa.<\/p><p>Proviene de los bosques tropicales del este de Australia (Queensland y Nueva Gales del Sur). Los pueblos ind\u00edgenas locales la han consumido durante milenios. No fue hasta el siglo XIX que los bot\u00e1nicos europeos la \"descubrieron\" y la bautizaron en honor al cient\u00edfico John Macadam. No fue hasta finales del siglo XIX que la producci\u00f3n comercial alcanz\u00f3 una verdadera escala global.<\/p><p><strong>Datos interesantes<\/strong>:<br \/>\u2022 <strong>La c\u00e1scara m\u00e1s dura del mundo:<\/strong>La c\u00e1scara de macadamia es incre\u00edblemente resistente. Para romperla sin aplastar la fruta, se requiere una presi\u00f3n de aproximadamente 300 libras por pulgada cuadrada (psi).<\/p><p>\u2022 <strong>Oro blanco:<\/strong>Debido al largo tiempo que tarda el \u00e1rbol en producir (de 7 a 10 a\u00f1os) y a la complejidad de su cosecha, se considera una de las nueces m\u00e1s preciadas y caras del mercado.<\/p><p>\u2022 <strong>Salud Pura:<\/strong>Es muy rico en grasas monoinsaturadas (las \u201cgrasas buenas\u201d), que ayudan a la salud del coraz\u00f3n, y tambi\u00e9n es una excelente fuente de flavonoides, que combaten el envejecimiento celular.<\/p><\/div><\/div><\/div><\/div><\/div><\/div><\/div>\t\t\t\t\t\t\t\t<\/div>\n\t\t\t\t<\/div>\n\t\t\t\t<\/div>\n\t\t\t\t<div class=\"elementor-element elementor-element-7f5d7a31 elementor-hidden-mobile elementor-widget-divider--view-line elementor-widget elementor-widget-divider\" data-id=\"7f5d7a31\" data-element_type=\"widget\" data-widget_type=\"divider.default\">\n\t\t\t\t\t\t\t<div class=\"elementor-divider\">\n\t\t\t<span class=\"elementor-divider-separator\">\n\t\t\t\t\t\t<\/span>\n\t\t<\/div>\n\t\t\t\t\t\t<\/div>\n\t\t\t\t<div class=\"elementor-element elementor-element-378e228 titulo-hero-custom elementor-widget elementor-widget-heading\" data-id=\"378e228\" data-element_type=\"widget\" data-widget_type=\"heading.default\">\n\t\t\t\t\t<h2 class=\"elementor-heading-title elementor-size-default\">Nuez de bar\u00fa<\/h2>\t\t\t\t<\/div>\n\t\t<div class=\"elementor-element elementor-element-b8c8d38 e-con-full e-flex e-con e-child\" data-id=\"b8c8d38\" data-element_type=\"container\">\n\t\t<div class=\"elementor-element elementor-element-e665b83 e-con-full e-flex e-con e-child\" data-id=\"e665b83\" data-element_type=\"container\">\n\t\t<div class=\"elementor-element elementor-element-7550305 e-con-full e-flex e-con e-child\" data-id=\"7550305\" data-element_type=\"container\">\n\t\t\t\t<div class=\"elementor-element elementor-element-8013c64 titulo-hero-custom elementor-widget elementor-widget-heading\" data-id=\"8013c64\" data-element_type=\"widget\" data-widget_type=\"heading.default\">\n\t\t\t\t\t<h2 class=\"elementor-heading-title elementor-size-default\">Origen<\/h2>\t\t\t\t<\/div>\n\t\t\t\t<\/div>\n\t\t\t\t<div class=\"elementor-element elementor-element-7dc2c6c elementor-widget-divider--view-line elementor-widget elementor-widget-divider\" data-id=\"7dc2c6c\" data-element_type=\"widget\" data-widget_type=\"divider.default\">\n\t\t\t\t\t\t\t<div class=\"elementor-divider\">\n\t\t\t<span class=\"elementor-divider-separator\">\n\t\t\t\t\t\t<\/span>\n\t\t<\/div>\n\t\t\t\t\t\t<\/div>\n\t\t\t\t<div class=\"elementor-element elementor-element-a945095 elementor-widget__width-inherit elementor-widget elementor-widget-text-editor\" data-id=\"a945095\" data-element_type=\"widget\" data-widget_type=\"text-editor.default\">\n\t\t\t\t\t\t\t\t\t<div data-id=\"198bfc9\" data-element_type=\"widget\" data-widget_type=\"text-editor.default\"><div data-id=\"786033c\" data-element_type=\"widget\" data-widget_type=\"text-editor.default\"><div class=\"p-4 space-y-6 max-h-80 overflow-y-auto\"><div class=\"flex items-start gap-2\"><div class=\"flex-1 space-y-2\"><div class=\"space-y-2\"><div class=\"prose prose-sm max-w-none dark:prose-invert text-sm [&amp;&gt;p]:whitespace-pre-wrap [&amp;&gt;p&gt;a]:text-primary [&amp;&gt;p&gt;a]:no-underline [&amp;&gt;p&gt;a]:hover:underline [&amp;&gt;p&gt;a]:break-all text-left [&amp;&gt;p&gt;span]:font-medium [&amp;&gt;p&gt;span]:text-primary px-0\"><p>Las nueces de bar\u00fa son <strong>la joya del Cerrado brasile\u00f1o.<\/strong>Si bien las nueces de Brasil provienen de la selva amaz\u00f3nica, la nuez de bar\u00fa es el leg\u00edtimo representante del coraz\u00f3n de Brasil, ganando cada vez m\u00e1s prominencia en la gastronom\u00eda funcional.<\/p><p>El bar\u00fa (Dipteryx alata) es el fruto del \u00e1rbol bar\u00fa, un majestuoso \u00e1rbol originario del vasto Cerrado, especialmente en los estados brasile\u00f1os de Goi\u00e1s, Mato Grosso, Mato Grosso do Sul y Minas Gerais. Es el tesoro del Cerrado brasile\u00f1o.<br \/>Su cosecha es un ejemplo perfecto de sostenibilidad: los frutos caen al suelo cuando maduran y son recolectados por las comunidades locales, lo que ayuda a preservar el bioma y genera ingresos para las familias extractivas.<\/p><p><strong>Datos interesantes<\/strong>:<br \/>\u2022 <strong>Afrodisiaco:<\/strong>Debido a su alto contenido de zinc y propiedades energizantes, la nuez de bar\u00fa se ha ganado fama popular como un potente afrodis\u00edaco.<\/p><p>\u2022 <strong>Alto en prote\u00ednas:<\/strong>Tiene un contenido proteico superior al de todos los dem\u00e1s frutos secos, alcanzando aproximadamente el 26% de su composici\u00f3n, lo que la hace muy solicitada por deportistas y vegetarianos.<\/p><p>\u2022 <strong>Sabor incre\u00edble:<\/strong>El sabor de las nueces de baru tostadas es una mezcla fascinante que combina notas de man\u00ed y chocolate, combinando una textura crujiente perfecta con uno de los contenidos m\u00e1s altos de prote\u00edna y zinc del reino vegetal.<\/p><\/div><\/div><\/div><\/div><\/div><\/div><\/div>\t\t\t\t\t\t\t\t<\/div>\n\t\t\t\t<\/div>\n\t\t<div class=\"elementor-element elementor-element-c6f6833 e-con-full e-flex elementor-invisible e-con e-child\" data-id=\"c6f6833\" data-element_type=\"container\" data-settings=\"{&quot;background_background&quot;:&quot;classic&quot;,&quot;shape_divider_top&quot;:&quot;opacity-tilt&quot;,&quot;animation&quot;:&quot;fadeIn&quot;}\">\n\t\t\t\t<div class=\"elementor-shape elementor-shape-top\" aria-hidden=\"true\" data-negative=\"false\">\n\t\t\t<svg xmlns=\"http:\/\/www.w3.org\/2000\/svg\" viewbox=\"0 0 2600 131.1\" preserveaspectratio=\"none\">\n\t<path class=\"elementor-shape-fill\" d=\"M0 0L2600 0 2600 69.1 0 0z\"\/>\n\t<path class=\"elementor-shape-fill\" style=\"opacity:0.5\" d=\"M0 0L2600 0 2600 69.1 0 69.1z\"\/>\n\t<path class=\"elementor-shape-fill\" style=\"opacity:0.25\" d=\"M2600 0L0 0 0 130.1 2600 69.1z\"\/>\n<\/svg>\t\t<\/div>\n\t\t\t\t<\/div>\n\t\t\t\t<\/div>\n\t\t\t\t\t<\/div>\n\t\t\t\t<\/div>\n\t\t\t\t<\/div>","protected":false},"excerpt":{"rendered":"<p>| Saiba Mais Conhe\u00e7a um pouco mais sobre os nossos produtos, suas origens, hist\u00f3ria e curiosidades. \u00a0\u00a0 Castanha do Brasil Origem A castanha vem da Bertholletia excelsa, uma das \u00e1rvores mais altas e longevas da Floresta Amaz\u00f4nica, podendo atingir at\u00e9 50 metros de altura e viver por mais de 500 anos. Ela \u00e9 nativa de [&hellip;]<\/p>","protected":false},"author":1,"featured_media":0,"parent":0,"menu_order":0,"comment_status":"closed","ping_status":"closed","template":"elementor_header_footer","meta":{"footnotes":""},"class_list":["post-25","page","type-page","status-publish","hentry"],"_links":{"self":[{"href":"https:\/\/brazilnuts.com.br\/es\/wp-json\/wp\/v2\/pages\/25","targetHints":{"allow":["GET"]}}],"collection":[{"href":"https:\/\/brazilnuts.com.br\/es\/wp-json\/wp\/v2\/pages"}],"about":[{"href":"https:\/\/brazilnuts.com.br\/es\/wp-json\/wp\/v2\/types\/page"}],"author":[{"embeddable":true,"href":"https:\/\/brazilnuts.com.br\/es\/wp-json\/wp\/v2\/users\/1"}],"replies":[{"embeddable":true,"href":"https:\/\/brazilnuts.com.br\/es\/wp-json\/wp\/v2\/comments?post=25"}],"version-history":[{"count":0,"href":"https:\/\/brazilnuts.com.br\/es\/wp-json\/wp\/v2\/pages\/25\/revisions"}],"wp:attachment":[{"href":"https:\/\/brazilnuts.com.br\/es\/wp-json\/wp\/v2\/media?parent=25"}],"curies":[{"name":"wp","href":"https:\/\/api.w.org\/{rel}","templated":true}]}}