{"id":25,"date":"2025-12-20T22:32:46","date_gmt":"2025-12-20T22:32:46","guid":{"rendered":"https:\/\/brazilnuts.com.br\/?page_id=25"},"modified":"2026-01-05T07:41:14","modified_gmt":"2026-01-05T07:41:14","slug":"saiba-mais","status":"publish","type":"page","link":"https:\/\/brazilnuts.com.br\/zh\/saiba-mais\/","title":{"rendered":"\u4e86\u89e3\u66f4\u591a"},"content":{"rendered":"<div data-elementor-type=\"wp-page\" data-elementor-id=\"25\" class=\"elementor elementor-25\" data-elementor-post-type=\"page\">\n\t\t\t\t<div class=\"elementor-element elementor-element-57f73aa e-con-full e-flex e-con e-parent\" data-id=\"57f73aa\" data-element_type=\"container\" data-settings=\"{&quot;background_background&quot;:&quot;classic&quot;,&quot;motion_fx_motion_fx_mouse&quot;:&quot;yes&quot;}\">\n\t\t<div class=\"elementor-element elementor-element-e1d25c5 e-con-full e-flex e-con e-child\" data-id=\"e1d25c5\" data-element_type=\"container\">\n\t\t\t\t<div class=\"elementor-element elementor-element-d3d94ec elementor-widget elementor-widget-heading\" data-id=\"d3d94ec\" data-element_type=\"widget\" data-widget_type=\"heading.default\">\n\t\t\t\t\t<h2 class=\"elementor-heading-title elementor-size-default\">|<\/h2>\t\t\t\t<\/div>\n\t\t\t\t<div class=\"elementor-element elementor-element-a8f9bb3 elementor-widget elementor-widget-heading\" data-id=\"a8f9bb3\" data-element_type=\"widget\" data-widget_type=\"heading.default\">\n\t\t\t\t\t<h2 class=\"elementor-heading-title elementor-size-default\">\u4e86\u89e3\u66f4\u591a<\/h2>\t\t\t\t<\/div>\n\t\t\t\t<\/div>\n\t\t\t\t<div class=\"elementor-element elementor-element-a287adb elementor-widget__width-initial elementor-widget-mobile__width-inherit elementor-widget elementor-widget-text-editor\" data-id=\"a287adb\" data-element_type=\"widget\" data-widget_type=\"text-editor.default\">\n\t\t\t\t\t\t\t\t\t<div class=\"p-4 space-y-6 max-h-80 overflow-y-auto\"><div class=\"flex items-start gap-2\"><div class=\"flex-1 space-y-2\"><div class=\"space-y-2\"><div class=\"prose prose-sm max-w-none dark:prose-invert text-sm [&amp;&gt;p]:whitespace-pre-wrap [&amp;&gt;p&gt;a]:text-primary [&amp;&gt;p&gt;a]:no-underline [&amp;&gt;p&gt;a]:hover:underline [&amp;&gt;p&gt;a]:break-all text-left [&amp;&gt;p&gt;span]:font-medium [&amp;&gt;p&gt;span]:text-primary px-0\"><p>\u4e86\u89e3\u66f4\u591a\u95dc\u65bc\u6211\u5011\u7522\u54c1\u7684\u4fe1\u606f\uff0c\u5305\u62ec\u5b83\u5011\u7684\u8d77\u6e90\u3001\u6b77\u53f2\u548c\u8da3\u805e\u3002<\/p><\/div><div class=\"flex flex-wrap self-start gap-2\">\u00a0<\/div><\/div><\/div><\/div><\/div><div class=\"flex items-start gap-2 p-4 pt-0\"><div class=\"flex items-center gap-2\">\u00a0<\/div><\/div>\t\t\t\t\t\t\t\t<\/div>\n\t\t\t\t<\/div>\n\t\t<div class=\"elementor-element elementor-element-be4fcb2 e-flex e-con-boxed e-con e-parent\" data-id=\"be4fcb2\" data-element_type=\"container\" data-settings=\"{&quot;background_background&quot;:&quot;classic&quot;}\">\n\t\t\t\t\t<div class=\"e-con-inner\">\n\t\t\t\t\t<\/div>\n\t\t\t\t<\/div>\n\t\t<div class=\"elementor-element elementor-element-3615053d e-flex e-con-boxed e-con e-parent\" data-id=\"3615053d\" data-element_type=\"container\" data-settings=\"{&quot;background_background&quot;:&quot;classic&quot;}\">\n\t\t\t\t\t<div class=\"e-con-inner\">\n\t\t\t\t<div class=\"elementor-element elementor-element-4b935f6f titulo-hero-custom elementor-widget elementor-widget-heading\" data-id=\"4b935f6f\" data-element_type=\"widget\" data-widget_type=\"heading.default\">\n\t\t\t\t\t<h2 class=\"elementor-heading-title elementor-size-default\">\u5e26\u58f3\u5df4\u897f\u575a\u679c<\/h2>\t\t\t\t<\/div>\n\t\t<div class=\"elementor-element elementor-element-51872dfc e-con-full e-flex e-con e-child\" data-id=\"51872dfc\" data-element_type=\"container\">\n\t\t<div class=\"elementor-element elementor-element-24c39d36 e-con-full e-flex e-con e-child\" data-id=\"24c39d36\" data-element_type=\"container\">\n\t\t<div class=\"elementor-element elementor-element-c569552 e-con-full e-flex e-con e-child\" data-id=\"c569552\" data-element_type=\"container\">\n\t\t\t\t<div class=\"elementor-element elementor-element-2b1ac3b3 titulo-hero-custom elementor-widget elementor-widget-heading\" data-id=\"2b1ac3b3\" data-element_type=\"widget\" data-widget_type=\"heading.default\">\n\t\t\t\t\t<h2 class=\"elementor-heading-title elementor-size-default\">\u8d77\u6e90<\/h2>\t\t\t\t<\/div>\n\t\t\t\t<\/div>\n\t\t\t\t<div class=\"elementor-element elementor-element-107ba66c elementor-widget-divider--view-line elementor-widget elementor-widget-divider\" data-id=\"107ba66c\" data-element_type=\"widget\" data-widget_type=\"divider.default\">\n\t\t\t\t\t\t\t<div class=\"elementor-divider\">\n\t\t\t<span class=\"elementor-divider-separator\">\n\t\t\t\t\t\t<\/span>\n\t\t<\/div>\n\t\t\t\t\t\t<\/div>\n\t\t\t\t<div class=\"elementor-element elementor-element-35b6f494 elementor-widget__width-inherit elementor-widget elementor-widget-text-editor\" data-id=\"35b6f494\" data-element_type=\"widget\" data-widget_type=\"text-editor.default\">\n\t\t\t\t\t\t\t\t\t<div data-id=\"198bfc9\" data-element_type=\"widget\" data-widget_type=\"text-editor.default\"><div data-id=\"786033c\" data-element_type=\"widget\" data-widget_type=\"text-editor.default\"><div class=\"p-4 space-y-6 max-h-80 overflow-y-auto\"><div class=\"flex items-start gap-2\"><div class=\"flex-1 space-y-2\"><div class=\"space-y-2\"><div class=\"prose prose-sm max-w-none dark:prose-invert text-sm [&amp;&gt;p]:whitespace-pre-wrap [&amp;&gt;p&gt;a]:text-primary [&amp;&gt;p&gt;a]:no-underline [&amp;&gt;p&gt;a]:hover:underline [&amp;&gt;p&gt;a]:break-all text-left [&amp;&gt;p&gt;span]:font-medium [&amp;&gt;p&gt;span]:text-primary px-0\"><p>\u6817\u5b50\u4f86\u81ea <strong>\u4f2f\u6c0f\u8349<\/strong>\u4e9e\u99ac\u905c\u96e8\u6797\u4e2d\u751f\u9577\u8457\u6700\u9ad8\u5927\u3001\u58fd\u547d\u6700\u9577\u7684\u6a39\u7a2e\u4e4b\u4e00\uff0c\u9ad8\u5ea6\u53ef\u905450\u7c73\uff0c\u58fd\u547d\u8d85\u904e500\u5e74\u3002\u5b83\u539f\u7522\u65bc\u5357\u7f8e\u6d32\u7684\u539f\u59cb\u68ee\u6797\u5730\u5340\u3002<\/p><p>\u751f\u7522\u5e7e\u4e4e\u5b8c\u5168\u4f9d\u8cf4\u63a1\u4f10\u3002\u9019\u610f\u5473\u8457\u5b83\u4f9d\u8cf4\u4fdd\u5b58\u5b8c\u597d\u7684\u68ee\u6797\u624d\u80fd\u5b58\u5728\uff0c\u56e0\u70ba\u6a39\u6728\u7684\u6388\u7c89\u662f\u7531\u7279\u5b9a\u7684\u871c\u8702\u5b8c\u6210\u7684\uff0c\u800c\u9019\u4e9b\u871c\u8702\u53ea\u751f\u6d3b\u5728\u5e73\u8861\u7684\u751f\u614b\u7cfb\u7d71\u4e2d\u3002<\/p><p><strong>\u6709\u8da3\u7684\u4e8b\u5be6<\/strong>:<br \/>\u2022 <strong>\u300c\u6930\u5b50\u300d\uff1a<\/strong>\u5df4\u897f\u5805\u679c\u4e26\u975e\u81ea\u7136\u6389\u843d\u5728\u5730\u4e0a\u3002\u5b83\u5011\u88ab\u5305\u88f9\u5728\u300c\u6930\u5b50\u300d\u4e2d\uff0c\u9019\u662f\u4e00\u7a2e\u6975\u5176\u5805\u786c\u7684\u6728\u8cea\u5916\u6bbc\uff0c\u91cd\u7d042\u516c\u65a4\u3002\u8981\u5728\u68ee\u6797\u88e1\u6253\u958b\u5b83\uff0c\u4f60\u9700\u8981\u4e00\u628a\u780d\u5200\uff0c\u6216\u8005\u50cf\u8c5a\u9f20\u4e00\u6a23\u64c1\u6709\u5f37\u5927\u7684\u54ac\u5408\u529b\uff08\u8c5a\u9f20\u662f\u552f\u4e00\u80fd\u5920\u81ea\u7136\u6253\u958b\u6930\u5b50\u7684\u52d5\u7269\uff09\u3002<\/p><p>\u2022 <strong>\u8d85\u7d1a\u98df\u7269 :<\/strong>\u5b83\u662f\u4e16\u754c\u4e0a\u7852\u542b\u91cf\u6700\u8c50\u5bcc\u7684\u5929\u7136\u98df\u7269\u3002\u6bcf\u5929\u53ea\u9700\u651d\u53d61-2\u500b\u55ae\u4f4d\uff0c\u5373\u53ef\u6eff\u8db3\u4eba\u9ad4\u5c0d\u9019\u7a2e\u7926\u7269\u8cea\u7684\u6bcf\u65e5\u9700\u6c42\uff0c\u7852\u5c0d\u514d\u75ab\u7cfb\u7d71\u548c\u7532\u72c0\u817a\u81f3\u95dc\u91cd\u8981\u3002<\/p><\/div><\/div><\/div><\/div><\/div><\/div><\/div>\t\t\t\t\t\t\t\t<\/div>\n\t\t\t\t<\/div>\n\t\t<div class=\"elementor-element elementor-element-49d78d84 e-con-full e-flex elementor-invisible e-con e-child\" data-id=\"49d78d84\" data-element_type=\"container\" data-settings=\"{&quot;background_background&quot;:&quot;classic&quot;,&quot;shape_divider_top&quot;:&quot;opacity-tilt&quot;,&quot;animation&quot;:&quot;fadeIn&quot;}\">\n\t\t\t\t<div class=\"elementor-shape elementor-shape-top\" aria-hidden=\"true\" data-negative=\"false\">\n\t\t\t<svg xmlns=\"http:\/\/www.w3.org\/2000\/svg\" viewbox=\"0 0 2600 131.1\" preserveaspectratio=\"none\">\n\t<path class=\"elementor-shape-fill\" d=\"M0 0L2600 0 2600 69.1 0 0z\"\/>\n\t<path class=\"elementor-shape-fill\" style=\"opacity:0.5\" d=\"M0 0L2600 0 2600 69.1 0 69.1z\"\/>\n\t<path class=\"elementor-shape-fill\" style=\"opacity:0.25\" d=\"M2600 0L0 0 0 130.1 2600 69.1z\"\/>\n<\/svg>\t\t<\/div>\n\t\t\t\t<\/div>\n\t\t\t\t<\/div>\n\t\t\t\t<div class=\"elementor-element elementor-element-10985e1f elementor-hidden-mobile elementor-widget-divider--view-line elementor-widget elementor-widget-divider\" data-id=\"10985e1f\" data-element_type=\"widget\" data-widget_type=\"divider.default\">\n\t\t\t\t\t\t\t<div class=\"elementor-divider\">\n\t\t\t<span class=\"elementor-divider-separator\">\n\t\t\t\t\t\t<\/span>\n\t\t<\/div>\n\t\t\t\t\t\t<\/div>\n\t\t\t\t<div class=\"elementor-element elementor-element-2d7fd30 titulo-hero-custom elementor-widget elementor-widget-heading\" data-id=\"2d7fd30\" data-element_type=\"widget\" data-widget_type=\"heading.default\">\n\t\t\t\t\t<h2 class=\"elementor-heading-title elementor-size-default\">\u6fb3\u6d32\u5805\u679c\n<\/h2>\t\t\t\t<\/div>\n\t\t<div class=\"elementor-element elementor-element-e2177f e-con-full e-flex e-con e-child\" data-id=\"e2177f\" data-element_type=\"container\">\n\t\t<div class=\"elementor-element elementor-element-7e94e2ed e-con-full e-flex elementor-invisible e-con e-child\" data-id=\"7e94e2ed\" data-element_type=\"container\" data-settings=\"{&quot;background_background&quot;:&quot;classic&quot;,&quot;shape_divider_top&quot;:&quot;opacity-tilt&quot;,&quot;animation&quot;:&quot;fadeIn&quot;}\">\n\t\t\t\t<div class=\"elementor-shape elementor-shape-top\" aria-hidden=\"true\" data-negative=\"false\">\n\t\t\t<svg xmlns=\"http:\/\/www.w3.org\/2000\/svg\" viewbox=\"0 0 2600 131.1\" preserveaspectratio=\"none\">\n\t<path class=\"elementor-shape-fill\" d=\"M0 0L2600 0 2600 69.1 0 0z\"\/>\n\t<path class=\"elementor-shape-fill\" style=\"opacity:0.5\" d=\"M0 0L2600 0 2600 69.1 0 69.1z\"\/>\n\t<path class=\"elementor-shape-fill\" style=\"opacity:0.25\" d=\"M2600 0L0 0 0 130.1 2600 69.1z\"\/>\n<\/svg>\t\t<\/div>\n\t\t\t\t<\/div>\n\t\t<div class=\"elementor-element elementor-element-6c908ab6 e-con-full e-flex e-con e-child\" data-id=\"6c908ab6\" data-element_type=\"container\">\n\t\t<div class=\"elementor-element elementor-element-fe83cd9 e-con-full e-flex e-con e-child\" data-id=\"fe83cd9\" data-element_type=\"container\">\n\t\t\t\t<div class=\"elementor-element elementor-element-b3b638e titulo-hero-custom elementor-widget elementor-widget-heading\" data-id=\"b3b638e\" data-element_type=\"widget\" data-widget_type=\"heading.default\">\n\t\t\t\t\t<h2 class=\"elementor-heading-title elementor-size-default\">\u8d77\u6e90<\/h2>\t\t\t\t<\/div>\n\t\t\t\t<\/div>\n\t\t\t\t<div class=\"elementor-element elementor-element-148cd1f elementor-widget-divider--view-line elementor-widget elementor-widget-divider\" data-id=\"148cd1f\" data-element_type=\"widget\" data-widget_type=\"divider.default\">\n\t\t\t\t\t\t\t<div class=\"elementor-divider\">\n\t\t\t<span class=\"elementor-divider-separator\">\n\t\t\t\t\t\t<\/span>\n\t\t<\/div>\n\t\t\t\t\t\t<\/div>\n\t\t\t\t<div class=\"elementor-element elementor-element-16275eeb elementor-widget__width-inherit elementor-widget elementor-widget-text-editor\" data-id=\"16275eeb\" data-element_type=\"widget\" data-widget_type=\"text-editor.default\">\n\t\t\t\t\t\t\t\t\t<div data-id=\"198bfc9\" data-element_type=\"widget\" data-widget_type=\"text-editor.default\"><div data-id=\"786033c\" data-element_type=\"widget\" data-widget_type=\"text-editor.default\"><div class=\"p-4 space-y-6 max-h-80 overflow-y-auto\"><div class=\"flex items-start gap-2\"><div class=\"flex-1 space-y-2\"><div class=\"space-y-2\"><div class=\"prose prose-sm max-w-none dark:prose-invert text-sm [&amp;&gt;p]:whitespace-pre-wrap [&amp;&gt;p&gt;a]:text-primary [&amp;&gt;p&gt;a]:no-underline [&amp;&gt;p&gt;a]:hover:underline [&amp;&gt;p&gt;a]:break-all text-left [&amp;&gt;p&gt;span]:font-medium [&amp;&gt;p&gt;span]:text-primary px-0\"><p>\u6fb3\u6d32\u5805\u679c\u5e38\u88ab\u7a31\u70ba\u201c\u5805\u679c\u5973\u738b\u201d\uff0c\u9019\u7d55\u975e\u6d6a\u5f97\u865b\u540d\u3002\u5b83\u53e3\u611f\u5982\u5976\u6cb9\u822c\u9806\u6ed1\uff0c\u5473\u9053\u6e05\u6de1\uff0c\u88ab\u8a31\u591a\u4eba\u8b7d\u70ba\u201c\u6700\u7f8e\u5473\u7684\u5805\u679c\u201d\u3002<strong>\u3164<\/strong>\u3164<\/p><p>\u6fb3\u6d32\u5805\u679c\u539f\u7522\u65bc\u6fb3\u6d32\u6771\u90e8\uff08\u6606\u58eb\u862d\u5dde\u548c\u65b0\u5357\u5a01\u723e\u65af\uff09\u7684\u71b1\u5e36\u96e8\u6797\u3002\u7576\u5730\u539f\u4f4f\u6c11\u98df\u7528\u9019\u7a2e\u5805\u679c\u5df2\u6709\u6578\u5343\u5e74\u6b77\u53f2\u3002\u76f4\u523019\u4e16\u7d00\uff0c\u6b50\u6d32\u690d\u7269\u5b78\u5bb6\u624d\u300c\u767c\u73fe\u300d\u4e86\u6fb3\u6d32\u5805\u679c\uff0c\u4e26\u4ee5\u79d1\u5b78\u5bb6\u7d04\u7ff0\u00b7\u9ea5\u514b\u4e9e\u7576\uff08John Macadam\uff09\u7684\u540d\u5b57\u547d\u540d\u3002\u76f4\u523019\u4e16\u7d00\u672b\uff0c\u6fb3\u6d32\u5805\u679c\u7684\u5546\u696d\u5316\u751f\u7522\u624d\u771f\u6b63\u8d70\u5411\u5168\u7403\u898f\u6a21\u3002<\/p><p><strong>\u6709\u8da3\u7684\u4e8b\u5be6<\/strong>:<br \/>\u2022 <strong>\u4e16\u754c\u4e0a\u6700\u5805\u786c\u7684\u5916\u6bbc :<\/strong>\u6fb3\u6d32\u5805\u679c\u7684\u5916\u6bbc\u6975\u70ba\u5805\u786c\u3002\u8981\u60f3\u5728\u4e0d\u58d3\u788e\u679c\u4ec1\u7684\u60c5\u6cc1\u4e0b\u5c07\u5176\u6572\u958b\uff0c\u9700\u8981\u5927\u7d04300\u78c5\/\u5e73\u65b9\u82f1\u540b\uff08psi\uff09\u7684\u58d3\u529b\u3002<\/p><p>\u2022 <strong>\u767d\u8272\u9ec3\u91d1 :<\/strong>\u7531\u65bc\u9019\u7a2e\u5805\u679c\u6a39\u9700\u89817\u523010\u5e74\u624d\u80fd\u7d50\u679c\uff0c\u4e14\u63a1\u6458\u904e\u7a0b\u8907\u96dc\uff0c\u56e0\u6b64\u88ab\u8a8d\u70ba\u662f\u5e02\u5834\u4e0a\u6700\u73cd\u8cb4\u3001\u6700\u6602\u8cb4\u7684\u5805\u679c\u4e4b\u4e00\u3002<\/p><p>\u2022 <strong>\u7d14\u7cb9\u5065\u5eb7 :<\/strong>\u5b83\u5bcc\u542b\u55ae\u5143\u4e0d\u98fd\u548c\u8102\u80aa\uff08\u300c\u597d\u8102\u80aa\u300d\uff09\uff0c\u6709\u52a9\u65bc\u5fc3\u81df\u5065\u5eb7\uff0c\u540c\u6642\u4e5f\u662f\u985e\u9ec3\u916e\u7684\u7d55\u4f73\u4f86\u6e90\uff0c\u80fd\u5920\u5c0d\u6297\u7d30\u80de\u8001\u5316\u3002<\/p><\/div><\/div><\/div><\/div><\/div><\/div><\/div>\t\t\t\t\t\t\t\t<\/div>\n\t\t\t\t<\/div>\n\t\t\t\t<\/div>\n\t\t\t\t<div class=\"elementor-element elementor-element-7f5d7a31 elementor-hidden-mobile elementor-widget-divider--view-line elementor-widget elementor-widget-divider\" data-id=\"7f5d7a31\" data-element_type=\"widget\" data-widget_type=\"divider.default\">\n\t\t\t\t\t\t\t<div class=\"elementor-divider\">\n\t\t\t<span class=\"elementor-divider-separator\">\n\t\t\t\t\t\t<\/span>\n\t\t<\/div>\n\t\t\t\t\t\t<\/div>\n\t\t\t\t<div class=\"elementor-element elementor-element-378e228 titulo-hero-custom elementor-widget elementor-widget-heading\" data-id=\"378e228\" data-element_type=\"widget\" data-widget_type=\"heading.default\">\n\t\t\t\t\t<h2 class=\"elementor-heading-title elementor-size-default\">\u5df4\u9b6f\u5805\u679c<\/h2>\t\t\t\t<\/div>\n\t\t<div class=\"elementor-element elementor-element-b8c8d38 e-con-full e-flex e-con e-child\" data-id=\"b8c8d38\" data-element_type=\"container\">\n\t\t<div class=\"elementor-element elementor-element-e665b83 e-con-full e-flex e-con e-child\" data-id=\"e665b83\" data-element_type=\"container\">\n\t\t<div class=\"elementor-element elementor-element-7550305 e-con-full e-flex e-con e-child\" data-id=\"7550305\" data-element_type=\"container\">\n\t\t\t\t<div class=\"elementor-element elementor-element-8013c64 titulo-hero-custom elementor-widget elementor-widget-heading\" data-id=\"8013c64\" data-element_type=\"widget\" data-widget_type=\"heading.default\">\n\t\t\t\t\t<h2 class=\"elementor-heading-title elementor-size-default\">\u8d77\u6e90<\/h2>\t\t\t\t<\/div>\n\t\t\t\t<\/div>\n\t\t\t\t<div class=\"elementor-element elementor-element-7dc2c6c elementor-widget-divider--view-line elementor-widget elementor-widget-divider\" data-id=\"7dc2c6c\" data-element_type=\"widget\" data-widget_type=\"divider.default\">\n\t\t\t\t\t\t\t<div class=\"elementor-divider\">\n\t\t\t<span class=\"elementor-divider-separator\">\n\t\t\t\t\t\t<\/span>\n\t\t<\/div>\n\t\t\t\t\t\t<\/div>\n\t\t\t\t<div class=\"elementor-element elementor-element-a945095 elementor-widget__width-inherit elementor-widget elementor-widget-text-editor\" data-id=\"a945095\" data-element_type=\"widget\" data-widget_type=\"text-editor.default\">\n\t\t\t\t\t\t\t\t\t<div data-id=\"198bfc9\" data-element_type=\"widget\" data-widget_type=\"text-editor.default\"><div data-id=\"786033c\" data-element_type=\"widget\" data-widget_type=\"text-editor.default\"><div class=\"p-4 space-y-6 max-h-80 overflow-y-auto\"><div class=\"flex items-start gap-2\"><div class=\"flex-1 space-y-2\"><div class=\"space-y-2\"><div class=\"prose prose-sm max-w-none dark:prose-invert text-sm [&amp;&gt;p]:whitespace-pre-wrap [&amp;&gt;p&gt;a]:text-primary [&amp;&gt;p&gt;a]:no-underline [&amp;&gt;p&gt;a]:hover:underline [&amp;&gt;p&gt;a]:break-all text-left [&amp;&gt;p&gt;span]:font-medium [&amp;&gt;p&gt;span]:text-primary px-0\"><p>\u5df4\u897f\u5805\u679c\u7522\u81ea\u4e9e\u99ac\u905c\u96e8\u6797\u4e2d\u6700\u9ad8\u3001 <strong>\u58fd\u547d\u6700\u9577\u7684\u6a39\u6728<\/strong>\uff0c\u6709\u4e9b\u6a39\u9ad8\u905450\u7c73\uff0c\u58fd\u547d\u8d85\u904e500\u5e74\u3002\u5b83\u5011\u539f\u7522\u65bc\u5357\u7f8e\u6d32\u7684\u539f\u59cb\u68ee\u6797\u3002<\/p><p>\u5df4\u897f\u5805\u679c\u7684\u751f\u7522\u5e7e\u4e4e\u5b8c\u5168\u4f9d\u8cf4\u4f10\u6728\u3002\u9019\u610f\u5473\u8457\u5b83\u5011\u7684\u751f\u5b58\u4f9d\u8cf4\u4fdd\u5b58\u5b8c\u597d\u7684\u68ee\u6797\uff0c\u56e0\u70ba\u6388\u7c89\u9700\u8981\u7279\u5b9a\u7684\u871c\u8702\uff0c\u800c\u9019\u4e9b\u871c\u8702\u53ea\u751f\u6d3b\u5728\u751f\u614b\u7cfb\u7d71\u5e73\u8861\u7684\u5730\u5340\u3002<br \/>\u5b83\u7684\u6536\u7a6b\u662f\u6c38\u7e8c\u767c\u5c55\u7684\u5b8c\u7f8e\u4f8b\u8b49\uff1a\u679c\u5be6\u6210\u719f\u5f8c\u6389\u843d\u5728\u5730\u4e0a\uff0c\u7531\u7576\u5730\u793e\u5340\u6536\u96c6\uff0c\u9019\u6709\u52a9\u65bc\u4fdd\u8b77\u751f\u7269\u7fa4\u843d\uff0c\u4e26\u70ba\u63a1\u6458\u8005\u5bb6\u5ead\u5275\u9020\u6536\u5165\u3002<\/p><p><strong>\u6709\u8da3\u7684\u4e8b\u5be6<\/strong>:<br \/>\u2022 <strong>\u300c\u6930\u5b50\u300d:<\/strong>\u5df4\u897f\u5805\u679c\u4e26\u975e\u81ea\u7136\u6389\u843d\u5728\u5730\u4e0a\u3002\u5b83\u5011\u88ab\u5305\u88f9\u5728\u300c\u6930\u5b50\u300d\u4e2d\uff0c\u9019\u662f\u4e00\u7a2e\u6975\u5176\u5805\u786c\u7684\u6728\u8cea\u5916\u6bbc\uff0c\u91cd\u7d042\u516c\u65a4\u3002\u8981\u5728\u68ee\u6797\u88e1\u6253\u958b\u5b83\uff0c\u4f60\u9700\u8981\u4e00\u628a\u780d\u5200\uff0c\u6216\u8005\u50cf\u8c5a\u9f20\u4e00\u6a23\u64c1\u6709\u5f37\u5927\u7684\u54ac\u5408\u529b\uff08\u8c5a\u9f20\u662f\u552f\u4e00\u80fd\u5920\u81ea\u7136\u6253\u958b\u6930\u5b50\u7684\u52d5\u7269\uff09\u3002<\/p><p>\u2022 <strong>\u8d85\u86cb\u767d<\/strong>\u5b83\u7684\u86cb\u767d\u8cea\u542b\u200b\u200b\u91cf\u6bd4\u5176\u4ed6\u6240\u6709\u5805\u679c\u90fd\u9ad8\uff0c\u7d04\u4f54\u5176\u6210\u5206\u7684 26%\uff0c\u56e0\u6b64\u6df1\u53d7\u904b\u52d5\u54e1\u548c\u7d20\u98df\u8005\u7684\u559c\u611b\u3002<\/p><p>\u2022 <strong>\u7d55\u5999\u53e3\u5473<\/strong>\u70e4\u5df4\u9b6f\u5805\u679c\u7684\u5473\u9053\u662f\u4e00\u7a2e\u8ff7\u4eba\u7684\u6df7\u5408\uff0c\u878d\u5408\u4e86\u82b1\u751f\u548c\u5de7\u514b\u529b\u7684\u98a8\u5473\uff0c\u53e3\u611f\u9165\u8106\uff0c\u800c\u4e14\u662f\u690d\u7269\u738b\u570b\u4e2d\u86cb\u767d\u8cea\u548c\u92c5\u542b\u91cf\u6700\u9ad8\u7684\u5805\u679c\u4e4b\u4e00\u3002<\/p><\/div><\/div><\/div><\/div><\/div><\/div><\/div>\t\t\t\t\t\t\t\t<\/div>\n\t\t\t\t<\/div>\n\t\t<div class=\"elementor-element elementor-element-c6f6833 e-con-full e-flex elementor-invisible e-con e-child\" data-id=\"c6f6833\" data-element_type=\"container\" data-settings=\"{&quot;background_background&quot;:&quot;classic&quot;,&quot;shape_divider_top&quot;:&quot;opacity-tilt&quot;,&quot;animation&quot;:&quot;fadeIn&quot;}\">\n\t\t\t\t<div class=\"elementor-shape elementor-shape-top\" aria-hidden=\"true\" data-negative=\"false\">\n\t\t\t<svg xmlns=\"http:\/\/www.w3.org\/2000\/svg\" viewbox=\"0 0 2600 131.1\" preserveaspectratio=\"none\">\n\t<path class=\"elementor-shape-fill\" d=\"M0 0L2600 0 2600 69.1 0 0z\"\/>\n\t<path class=\"elementor-shape-fill\" style=\"opacity:0.5\" d=\"M0 0L2600 0 2600 69.1 0 69.1z\"\/>\n\t<path class=\"elementor-shape-fill\" style=\"opacity:0.25\" d=\"M2600 0L0 0 0 130.1 2600 69.1z\"\/>\n<\/svg>\t\t<\/div>\n\t\t\t\t<\/div>\n\t\t\t\t<\/div>\n\t\t\t\t\t<\/div>\n\t\t\t\t<\/div>\n\t\t\t\t<\/div>","protected":false},"excerpt":{"rendered":"<p>| Saiba Mais Conhe\u00e7a um pouco mais sobre os nossos produtos, suas origens, hist\u00f3ria e curiosidades. \u00a0\u00a0 Castanha do Brasil Origem A castanha vem da Bertholletia excelsa, uma das \u00e1rvores mais altas e longevas da Floresta Amaz\u00f4nica, podendo atingir at\u00e9 50 metros de altura e viver por mais de 500 anos. Ela \u00e9 nativa de [&hellip;]<\/p>","protected":false},"author":1,"featured_media":0,"parent":0,"menu_order":0,"comment_status":"closed","ping_status":"closed","template":"elementor_header_footer","meta":{"footnotes":""},"class_list":["post-25","page","type-page","status-publish","hentry"],"_links":{"self":[{"href":"https:\/\/brazilnuts.com.br\/zh\/wp-json\/wp\/v2\/pages\/25","targetHints":{"allow":["GET"]}}],"collection":[{"href":"https:\/\/brazilnuts.com.br\/zh\/wp-json\/wp\/v2\/pages"}],"about":[{"href":"https:\/\/brazilnuts.com.br\/zh\/wp-json\/wp\/v2\/types\/page"}],"author":[{"embeddable":true,"href":"https:\/\/brazilnuts.com.br\/zh\/wp-json\/wp\/v2\/users\/1"}],"replies":[{"embeddable":true,"href":"https:\/\/brazilnuts.com.br\/zh\/wp-json\/wp\/v2\/comments?post=25"}],"version-history":[{"count":0,"href":"https:\/\/brazilnuts.com.br\/zh\/wp-json\/wp\/v2\/pages\/25\/revisions"}],"wp:attachment":[{"href":"https:\/\/brazilnuts.com.br\/zh\/wp-json\/wp\/v2\/media?parent=25"}],"curies":[{"name":"wp","href":"https:\/\/api.w.org\/{rel}","templated":true}]}}